{"id":58158,"date":"2022-10-07T17:12:09","date_gmt":"2022-10-07T15:12:09","guid":{"rendered":"https:\/\/new.parabellumshop.com\/privacy-policy\/"},"modified":"2022-10-07T17:12:09","modified_gmt":"2022-10-07T15:12:09","slug":"privacy-policy","status":"publish","type":"page","link":"https:\/\/new.parabellumshop.com\/en\/privacy-policy\/","title":{"rendered":"Privacy Policy"},"content":{"rendered":"<p>Ai sensi del Regolamento UE 2016\/679 denominato \u201cRegolamento Europeo in materia di protezione dei dati personali\u201d (GDPR) informiamo gli utenti che i dati personali immessi nel sito sono trattati con le modalit\u00e0 e le finalit\u00e0 descritte di seguito.<\/p>\n<p>&nbsp;<\/p>\n<p>Per trattamento di dati personali ai sensi della norma, si intende qualunque operazione o complesso di operazioni, svolti con o senza l&#8217;ausilio di mezzi elettronici o comunque automatizzati, concernenti la raccolta, la registrazione, l&#8217;organizzazione, la conservazione, l&#8217;elaborazione, la modificazione, la selezione, l&#8217;estrazione, il raffronto, l&#8217;utilizzo, l&#8217;interconnessione, il blocco, la comunicazione, la diffusione, la cancellazione e la distribuzione di dati.<\/p>\n<p>In osservanza delle prescrizioni previste dal nuovo Regolamento in materia di protezione dei dati personali, si comunica quanto segue:<\/p>\n<p>1. Titolare del trattamento<\/p>\n<p>Titolare del trattamento dei dati \u00e8 Para Bellum di Rocchi Giovanni, Via Bertoloni 66,CAP 54033, Carrara (MS) P.IVA 01199180454 che li utilizzer\u00e0 per le finalit\u00e0 indicate di seguito. Per ulteriori informazioni potete contattarci al seguente indirizzo E-mail: info@parabellumshop.com.<\/p>\n<p>2. Oggetto del trattamento<\/p>\n<p>I dati personali ed anagrafici (nome, cognome, Via, email) da noi raccolti vengono forniti dall&#8217;utente in fase di registrazione al sito web www.parabellumshop.com all&#8217;invio di una richiesta di contatto e\/o all&#8217;atto di iscrizione al servizio di newsletter.<\/p>\n<p>3. Finalit\u00e0 del trattamento<\/p>\n<p>I dati personali sono trattati per finalit\u00e0 connesse o strumentali all&#8217;attivit\u00e0 di Para Bellum di Rocchi Giovanni, quali l&#8217;archiviazione nei propri database o lo svolgimento di attivit\u00e0 di direct mail marketing. In particolare:<\/p>\n<p>A. Senza il consenso espresso dell&#8217;interessati per:<\/p>\n<p>La richiesta di registrazione al sito web;<\/p>\n<p>La ricezione di un messaggio inviato tramite il form \u201cContatti\u201d. Al momento della compilazione del form vengono richiesti i dati personali (nome, cognome, via e posta elettronica) con i quali successivamente l&#8217;utente sar\u00e0 identificato al fine di inviare una risposta all&#8217; email indicata.<\/p>\n<p>B. Con il consenso espresso dall&#8217;interessato per l&#8217;iscrizione al servizio di newsletter fornito dal Titolare.<\/p>\n<p>4. Modalit\u00e0 del trattamento<\/p>\n<p>I dati personali sono oggetto di trattamento improntato ai principi di correttezza, liceit\u00e0 e trasparenza. La societ\u00e0 assicura che il trattamento dei dati effettuato con o senza l&#8217;ausilio di mezzi elettronici o comunque automatizzati, avverr\u00e0 mediante strumenti idonei a garantirne la sicurezza e la riservatezza dell&#8217;interessato, tramite l&#8217;utilizzo di idonee procedure che evitino il rischio di perdita, accesso non autorizzato, uso illecito e diffusione, nel rispetto dei limiti e delle condizioni posti dal Regolamento UE 2016\/679.<\/p>\n<p>I dati personali sono sottoposti a trattamento sia cartaceo che elettronico e\/o automatizzato.<\/p>\n<p>I dati vengono trattati da nostro personale, ove impegnato nella esecuzione del mandato conferitoci.<\/p>\n<p>5. Accesso ai dati<\/p>\n<p>I soggetti che possono venire a conoscenza dei dati personali dell&#8217;utente in qualit\u00e0 di responsabili o incaricati (in base all&#8217;Articolo 13 Comma 1 del GDPR) sono:<\/p>\n<p>Il Titolare del trattamento<\/p>\n<p>I dati personali non saranno oggetto di diffusione a terzi.<\/p>\n<p>6. Comunicazione dei dati<\/p>\n<p>I dati potranno essere comunicati a Organismi di vigilanza, Autorit\u00e0 giudiziarie ed altri soggetti terzi ai quali la comunicazione sia obbligatoria in forza di legge, ivi incluso l&#8217;ambito di prevenzione\/repressione di qualsiasi attivit\u00e0 illecita connessa all&#8217;accesso al sito e\/o all&#8217;invio di una richiesta.<\/p>\n<p>7. Trasferimento dei dati<\/p>\n<p>La gestione e la conservazione dei dati personali avverr\u00e0 su server ubicati in Italia del Titolare.<\/p>\n<p>I dati non saranno oggetto di trasferimento al di fuori dell&#8217;Unione Europea.<\/p>\n<p>8. Periodo di conservazione dei dati<\/p>\n<p>I dati personali degli utenti del sito che inviano una richiesta di informazioni tramite il modulo di contatto, saranno conservati per i tempi strettamente necessari all&#8217;espletamento della richiesta, per le finalit\u00e0 illustrate nel punto 3.<\/p>\n<p>I dati raccolti per le attivit\u00e0 di registrazione al sito web e iscrizione al servizio di newsletter, saranno inseriti nel database aziendale e conservati per il tempo della durata del servizio, al termine del quale saranno cancellati o resi anonimi entro i tempi stabiliti dalla norma di legge.<\/p>\n<p>Qualora intervenga la revoca del consenso al trattamento specifico da parte dell&#8217;interessato, i dati verranno cancellati o resi anonimi entro 72 ore dalla ricezione della revoca.<\/p>\n<p>Ai sensi dell&#8217;Art. 13, comma 2, lettera (f) del Regolamento, si informa che tutti i dati raccolti non saranno comunque oggetto di alcun processo decisionale automatizzato, compresa la profilazione.<\/p>\n<p>9. Diritti dell&#8217;interessato<\/p>\n<p>Gli utenti possono sempre esercitare i diritti esplicitati negli articoli 13 (Comma 2), 15, 18, 19 e 21 del GDPR, qui riassunti nei seguenti punti:<\/p>\n<p>L&#8217;interessato ha il diritto di ottenere la conferma dell&#8217;esistenza di dati che lo riguardano, anche se non ancora comunicati, e di avere la loro comunicazione in forma intelligibile;<\/p>\n<p>L&#8217;interessato ha il diritto di chiedere al Titolare del trattamento l&#8217;accesso ai dati personali, l&#8217;integrazione, la rettifica, la cancellazione degli stessi o la limitazione dei trattamenti che lo riguardano o di opporsi al loro trattamento, oltre al diritto alla portabilit\u00e0 dei dati;<\/p>\n<p>Ha il diritto di proporre un reclamo al Garante per la protezione dei dati personali, seguendo le procedure e le indicazioni pubblicate sul sito web ufficiale dell&#8217;Autorit\u00e0 su garanteprivacy.it;<\/p>\n<p>L&#8217;esercizio dei diritti non \u00e8 soggetto ad alcun vincolo di forma ed \u00e8 gratuito.<\/p>\n<p>A partire dal ricevimento della presente comunicazione informativa, si intender\u00e0 rilasciato il consenso al trattamento dei dati personali di cui ai punti sopra.<\/p>\n<p>10. Modalit\u00e0 di esercizio dei diritti<\/p>\n<p>Gli utenti possono esercitare i propri diritti in qualsiasi momento, inviando una mail a info@parabellumshop.com<\/p>\n<p>Oppure scrivendo a mezzo di posta a:<\/p>\n<p>Para Bellum di Rocchi Giovanni<\/p>\n<p>Via Bertoloni 66,CAP 54033, Carrara (MS)<\/p>\n<p>Google Analytics (Google Inc.) Google Analytics \u00e8 un servizio di analisi web fornito da Google Inc. (\u201cGoogle\u201d). Google utilizza i Dati Personali raccolti allo scopo di tracciare ed esaminare l\u2019utilizzo di questa Applicazione, compilare report e condividerli con gli altri servizi sviluppati da Google. Google potrebbe utilizzare i Dati Personali per contestualizzare e personalizzare gli annunci del proprio network pubblicitario. Dati personali raccolti: Cookie e Dati di utilizzo. Luogo del trattamento: USA \u2013 Privacy Policy \u2013 Opt Out Questo tipo di servizi permette di visualizzare contenuti ospitati su piattaforme esterne direttamente dalle pagine di questa Applicazione e di interagire con essi. Nel caso in cui sia installato un servizio di questo tipo, \u00e8 possibile che, anche nel caso gli Utenti non utilizzino il servizio, lo stesso raccolga dati di traffico relativi alle pagine in cui \u00e8 installato.<\/p>\n<p>Google Fonts (Google Inc.) Google Fonts \u00e8 un servizio di visualizzazione di stili di carattere gestito da Google Inc. che permette a questa Applicazione di integrare tali contenuti all\u2019interno delle proprie pagine. Dati personali raccolti: Dati di utilizzo e varie tipologie di Dati secondo quanto specificato dalla privacy policy del servizio. Luogo del trattamento: USA \u2013 Privacy Policy<\/p>\n<p>Ulteriori informazioni sul trattamento Difesa in giudizio I Dati Personali dell\u2019Utente possono essere utilizzati per la difesa da parte del Titolare in giudizio o nelle fasi propedeutiche alla sua eventuale instaurazione, da abusi nell&#8217;utilizzo della stessa o dei servizi connessi da parte dell\u2019Utente.<\/p>\n<p>L\u2019Utente dichiara di essere consapevole che il Titolare potrebbe essere richiesto di rivelare i Dati su richiesta delle pubbliche autorit\u00e0. Informative specifiche Su richiesta dell\u2019Utente, in aggiunta alle informazioni contenute in questa privacy policy, questa Applicazione potrebbe fornire all&#8217;Utente delle informative aggiuntive e contestuali riguardanti servizi specifici, o la raccolta ed il trattamento di Dati Personali. Log di sistema e manutenzione Per necessit\u00e0 legate al funzionamento ed alla manutenzione, questa Applicazione e gli eventuali servizi terzi da essa utilizzati potrebbero raccogliere Log di sistema, ossia file che registrano le interazioni e che possono contenere anche Dati Personali, quali l\u2019indirizzo IP Utente.<\/p>\n<p>Informazioni non contenute in questa policy Maggiori informazioni in relazione al trattamento dei Dati Personali potranno essere richieste in qualsiasi momento al Titolare del Trattamento utilizzando le informazioni di contatto. Esercizio dei diritti da parte degli Utenti I soggetti cui si riferiscono i Dati Personali hanno il diritto in qualunque momento di ottenere la conferma dell&#8217;esistenza o meno degli stessi presso il Titolare del Trattamento, di conoscerne il contenuto e l&#8217;origine, di verificarne l&#8217;esattezza o chiederne l\u2019integrazione, la cancellazione, l&#8217;aggiornamento, la rettifica, la trasformazione in forma anonima o il blocco dei Dati Personali trattati in violazione di legge, nonch\u00e9 di opporsi in ogni caso, per motivi legittimi, al loro trattamento. Le richieste vanno rivolte al Titolare del Trattamento.<\/p>\n<p>Questa Applicazione non supporta le richieste \u201cDo Not Track\u201d. Per conoscere se gli eventuali servizi di terze parti utilizzati le supportano, l&#8217;Utente \u00e8 invitato a consultare le rispettive privacy policy. Modifiche a questa privacy policy Il Titolare del Trattamento si riserva il diritto di apportare modifiche alla presente privacy policy in qualunque momento dandone pubblicit\u00e0 agli Utenti su questa pagina. Si prega dunque di consultare spesso questa pagina, prendendo come riferimento la data di ultima modifica indicata in fondo. Nel caso di mancata accettazione delle modifiche apportate alla presente privacy policy, l\u2019Utente \u00e8 tenuto a cessare l\u2019utilizzo di questa Applicazione e pu\u00f2 richiedere al Titolare del Trattamento di rimuovere i propri Dati Personali.<\/p>\n<p>Salvo quanto diversamente specificato, la precedente privacy policy continuer\u00e0 ad applicarsi ai Dati Personali sino a quel momento raccolti. Informazioni su questa privacy policy Il Titolare del Trattamento dei Dati \u00e8 responsabile per questa privacy policy, Dati Personali (o Dati). Costituisce dato personale qualunque informazione relativa a persona fisica, identificata o identificabile, anche indirettamente, mediante riferimento a qualsiasi altra informazione, ivi compreso un numero di identificazione personale. Dati di Utilizzo Sono le informazioni raccolte in maniera automatica da questa Applicazione (o dalle applicazioni di parti terze che questa Applicazione utilizza), tra le quali: gli indirizzi IP o i nomi a dominio dei computer utilizzati dall\u2019Utente che si connette con questa Applicazione, gli indirizzi in notazione URI (Uniform Resource Identifier), l\u2019orario della richiesta, il metodo utilizzato nel sottoporre la richiesta al server, la dimensione del file ottenuto in risposta, il codice numerico indicante lo stato della risposta dal server (buon fine, errore, ecc.) il paese di provenienza, le caratteristiche del browser e del sistema operativo utilizzati dal visitatore, le varie connotazioni temporali della visita (ad esempio il tempo di permanenza su ciascuna pagina) e i dettagli relativi all\u2019itinerario seguito all\u2019interno dell\u2019Applicazione, con particolare riferimento alla sequenza delle pagine consultate, ai parametri relativi al sistema operativo e all\u2019ambiente informatico dell\u2019Utente.<\/p>\n<p>Utente \u00e8 L&#8217;individuo che utilizza questa Applicazione, che deve coincidere con l&#8217;Interessato o essere da questo autorizzato ed i cui Dati Personali sono oggetto del trattamento. Interessato La persona fisica o giuridica cui si riferiscono i Dati Personali. Responsabile del Trattamento (o Responsabile) La persona fisica, giuridica, la pubblica amministrazione e qualsiasi altro ente, associazione od organismo preposti dal Titolare al trattamento dei Dati Personali, secondo quanto predisposto dalla presente privacy policy.<\/p>\n<p>Titolare del Trattamento (o Titolare) La persona fisica, giuridica, la pubblica amministrazione e qualsiasi altro ente, associazione od organismo cui competono, anche unitamente ad altro titolare, le decisioni in ordine alle finalit\u00e0, alle modalit\u00e0 del trattamento di dati personali ed agli strumenti utilizzati, ivi compreso il profilo della sicurezza, in relazione al funzionamento e alla fruizione di questa Applicazione.<\/p>\n<p>Il Titolare del Trattamento, salvo quanto diversamente specificato, \u00e8 Para Bellum di Rocchi Giovanni. Questa Applicazione, \u00e8 Lo strumento hardware o software mediante il quale sono raccolti i Dati Personali degli Utenti.<\/p>\n<p>Il Cookie \u00e8 una Piccola porzione di dati conservata all&#8217;interno del dispositivo dell&#8217;Utente. Riferimenti legali Avviso agli Utenti europei: la presente informativa privacy \u00e8 redatta in adempimento degli obblighi previsti dall\u2019Art. 10 della Direttiva n. 95\/46\/CE, nonch\u00e9 a quanto previsto dalla Direttiva 2002\/58\/CE, come aggiornata dalla Direttiva 2009\/136\/CE, in materia di Cookie. Questa informativa privacy riguarda esclusivamente questo Sito Web.<\/p>\n<p>(Titolare) Para Bellum di Rocchi Giovanni<\/p>\n","protected":false},"excerpt":{"rendered":"<p>Ai sensi del Regolamento UE 2016\/679 denominato \u201cRegolamento Europeo in materia di protezione dei dati personali\u201d (GDPR) informiamo gli utenti che i dati personali immessi nel sito sono trattati con<\/p>\n","protected":false},"author":1,"featured_media":0,"parent":0,"menu_order":0,"comment_status":"closed","ping_status":"open","template":"","meta":{"footnotes":""},"class_list":["post-58158","page","type-page","status-publish","hentry"],"yoast_head":"<!-- This site is optimized with the Yoast SEO plugin v19.8 - https:\/\/yoast.com\/wordpress\/plugins\/seo\/ -->\n<title>Privacy Policy - Parabellum Shop - Vendita Uniformi e Accessori Militari<\/title>\n<meta name=\"robots\" content=\"noindex, follow, max-snippet:-1, max-image-preview:large, max-video-preview:-1\" \/>\n<meta property=\"og:locale\" content=\"en_US\" \/>\n<meta property=\"og:type\" content=\"article\" \/>\n<meta property=\"og:title\" content=\"Privacy Policy - Parabellum Shop - Vendita Uniformi e Accessori Militari\" \/>\n<meta property=\"og:description\" content=\"Ai sensi del Regolamento UE 2016\/679 denominato \u201cRegolamento Europeo in materia di protezione dei dati personali\u201d (GDPR) informiamo gli utenti che i dati personali immessi nel sito sono trattati con\" \/>\n<meta property=\"og:url\" content=\"https:\/\/new.parabellumshop.com\/en\/privacy-policy\/\" \/>\n<meta property=\"og:site_name\" content=\"Parabellum Shop - Vendita Uniformi e Accessori Militari\" \/>\n<meta property=\"article:publisher\" content=\"https:\/\/www.facebook.com\/parabellumshop\" \/>\n<meta name=\"twitter:card\" content=\"summary_large_image\" \/>\n<meta name=\"twitter:label1\" content=\"Est. reading time\" \/>\n\t<meta name=\"twitter:data1\" content=\"9 minutes\" \/>\n<script type=\"application\/ld+json\" class=\"yoast-schema-graph\">{\"@context\":\"https:\/\/schema.org\",\"@graph\":[{\"@type\":\"WebPage\",\"@id\":\"https:\/\/new.parabellumshop.com\/en\/privacy-policy\/\",\"url\":\"https:\/\/new.parabellumshop.com\/en\/privacy-policy\/\",\"name\":\"Privacy Policy - Parabellum Shop - Vendita Uniformi e Accessori Militari\",\"isPartOf\":{\"@id\":\"https:\/\/new.parabellumshop.com\/en\/#website\"},\"datePublished\":\"2022-10-07T15:12:09+00:00\",\"dateModified\":\"2022-10-07T15:12:09+00:00\",\"breadcrumb\":{\"@id\":\"https:\/\/new.parabellumshop.com\/en\/privacy-policy\/#breadcrumb\"},\"inLanguage\":\"en-US\",\"potentialAction\":[{\"@type\":\"ReadAction\",\"target\":[\"https:\/\/new.parabellumshop.com\/en\/privacy-policy\/\"]}]},{\"@type\":\"BreadcrumbList\",\"@id\":\"https:\/\/new.parabellumshop.com\/en\/privacy-policy\/#breadcrumb\",\"itemListElement\":[{\"@type\":\"ListItem\",\"position\":1,\"name\":\"Home\",\"item\":\"https:\/\/new.parabellumshop.com\/en\/\"},{\"@type\":\"ListItem\",\"position\":2,\"name\":\"Privacy Policy\"}]},{\"@type\":\"WebSite\",\"@id\":\"https:\/\/new.parabellumshop.com\/en\/#website\",\"url\":\"https:\/\/new.parabellumshop.com\/en\/\",\"name\":\"Parabellum Shop - Vendita Uniformi e Accessori Militari\",\"description\":\"\",\"publisher\":{\"@id\":\"https:\/\/new.parabellumshop.com\/en\/#organization\"},\"potentialAction\":[{\"@type\":\"SearchAction\",\"target\":{\"@type\":\"EntryPoint\",\"urlTemplate\":\"https:\/\/new.parabellumshop.com\/en\/?s={search_term_string}\"},\"query-input\":\"required name=search_term_string\"}],\"inLanguage\":\"en-US\"},{\"@type\":\"Organization\",\"@id\":\"https:\/\/new.parabellumshop.com\/en\/#organization\",\"name\":\"Parabellum Shop - Vendita Uniformi e Accessori Militari\",\"url\":\"https:\/\/new.parabellumshop.com\/en\/\",\"sameAs\":[\"https:\/\/www.instagram.com\/_parabellumshop\/\",\"https:\/\/www.facebook.com\/parabellumshop\"],\"logo\":{\"@type\":\"ImageObject\",\"inLanguage\":\"en-US\",\"@id\":\"https:\/\/new.parabellumshop.com\/en\/#\/schema\/logo\/image\/\",\"url\":\"https:\/\/new.parabellumshop.com\/wp-content\/uploads\/2022\/10\/parabellum-shop-logo.png\",\"contentUrl\":\"https:\/\/new.parabellumshop.com\/wp-content\/uploads\/2022\/10\/parabellum-shop-logo.png\",\"width\":770,\"height\":120,\"caption\":\"Parabellum Shop - Vendita Uniformi e Accessori Militari\"},\"image\":{\"@id\":\"https:\/\/new.parabellumshop.com\/en\/#\/schema\/logo\/image\/\"}}]}<\/script>\n<!-- \/ Yoast SEO plugin. -->","yoast_head_json":{"title":"Privacy Policy - Parabellum Shop - Vendita Uniformi e Accessori Militari","robots":{"index":"noindex","follow":"follow","max-snippet":"max-snippet:-1","max-image-preview":"max-image-preview:large","max-video-preview":"max-video-preview:-1"},"og_locale":"en_US","og_type":"article","og_title":"Privacy Policy - Parabellum Shop - Vendita Uniformi e Accessori Militari","og_description":"Ai sensi del Regolamento UE 2016\/679 denominato \u201cRegolamento Europeo in materia di protezione dei dati personali\u201d (GDPR) informiamo gli utenti che i dati personali immessi nel sito sono trattati con","og_url":"https:\/\/new.parabellumshop.com\/en\/privacy-policy\/","og_site_name":"Parabellum Shop - Vendita Uniformi e Accessori Militari","article_publisher":"https:\/\/www.facebook.com\/parabellumshop","twitter_card":"summary_large_image","twitter_misc":{"Est. reading time":"9 minutes"},"schema":{"@context":"https:\/\/schema.org","@graph":[{"@type":"WebPage","@id":"https:\/\/new.parabellumshop.com\/en\/privacy-policy\/","url":"https:\/\/new.parabellumshop.com\/en\/privacy-policy\/","name":"Privacy Policy - Parabellum Shop - Vendita Uniformi e Accessori Militari","isPartOf":{"@id":"https:\/\/new.parabellumshop.com\/en\/#website"},"datePublished":"2022-10-07T15:12:09+00:00","dateModified":"2022-10-07T15:12:09+00:00","breadcrumb":{"@id":"https:\/\/new.parabellumshop.com\/en\/privacy-policy\/#breadcrumb"},"inLanguage":"en-US","potentialAction":[{"@type":"ReadAction","target":["https:\/\/new.parabellumshop.com\/en\/privacy-policy\/"]}]},{"@type":"BreadcrumbList","@id":"https:\/\/new.parabellumshop.com\/en\/privacy-policy\/#breadcrumb","itemListElement":[{"@type":"ListItem","position":1,"name":"Home","item":"https:\/\/new.parabellumshop.com\/en\/"},{"@type":"ListItem","position":2,"name":"Privacy Policy"}]},{"@type":"WebSite","@id":"https:\/\/new.parabellumshop.com\/en\/#website","url":"https:\/\/new.parabellumshop.com\/en\/","name":"Parabellum Shop - Vendita Uniformi e Accessori Militari","description":"","publisher":{"@id":"https:\/\/new.parabellumshop.com\/en\/#organization"},"potentialAction":[{"@type":"SearchAction","target":{"@type":"EntryPoint","urlTemplate":"https:\/\/new.parabellumshop.com\/en\/?s={search_term_string}"},"query-input":"required name=search_term_string"}],"inLanguage":"en-US"},{"@type":"Organization","@id":"https:\/\/new.parabellumshop.com\/en\/#organization","name":"Parabellum Shop - Vendita Uniformi e Accessori Militari","url":"https:\/\/new.parabellumshop.com\/en\/","sameAs":["https:\/\/www.instagram.com\/_parabellumshop\/","https:\/\/www.facebook.com\/parabellumshop"],"logo":{"@type":"ImageObject","inLanguage":"en-US","@id":"https:\/\/new.parabellumshop.com\/en\/#\/schema\/logo\/image\/","url":"https:\/\/new.parabellumshop.com\/wp-content\/uploads\/2022\/10\/parabellum-shop-logo.png","contentUrl":"https:\/\/new.parabellumshop.com\/wp-content\/uploads\/2022\/10\/parabellum-shop-logo.png","width":770,"height":120,"caption":"Parabellum Shop - Vendita Uniformi e Accessori Militari"},"image":{"@id":"https:\/\/new.parabellumshop.com\/en\/#\/schema\/logo\/image\/"}}]}},"_links":{"self":[{"href":"https:\/\/new.parabellumshop.com\/en\/wp-json\/wp\/v2\/pages\/58158","targetHints":{"allow":["GET"]}}],"collection":[{"href":"https:\/\/new.parabellumshop.com\/en\/wp-json\/wp\/v2\/pages"}],"about":[{"href":"https:\/\/new.parabellumshop.com\/en\/wp-json\/wp\/v2\/types\/page"}],"author":[{"embeddable":true,"href":"https:\/\/new.parabellumshop.com\/en\/wp-json\/wp\/v2\/users\/1"}],"replies":[{"embeddable":true,"href":"https:\/\/new.parabellumshop.com\/en\/wp-json\/wp\/v2\/comments?post=58158"}],"version-history":[{"count":0,"href":"https:\/\/new.parabellumshop.com\/en\/wp-json\/wp\/v2\/pages\/58158\/revisions"}],"wp:attachment":[{"href":"https:\/\/new.parabellumshop.com\/en\/wp-json\/wp\/v2\/media?parent=58158"}],"curies":[{"name":"wp","href":"https:\/\/api.w.org\/{rel}","templated":true}]}}