{"id":37518,"date":"2019-10-03T09:55:23","date_gmt":"2019-10-03T09:55:23","guid":{"rendered":"https:\/\/new.parabellumshop.com\/?post_type=product&#038;p=37518"},"modified":"2022-08-08T18:28:12","modified_gmt":"2022-08-08T18:28:12","slug":"german-sports-badge-bronze-2","status":"publish","type":"product","link":"https:\/\/new.parabellumshop.com\/en\/articolo\/german-sports-badge-bronze-2\/","title":{"rendered":"German Sports Badge -bronze-"},"content":{"rendered":"<p style=\"text-align: justify; \"><font face=\"Courier New\"><u><strong><span style=\"font-size: 14px;\">GERMAN SPORTS BADGE IN BRONZE (<\/span><\/strong><\/u><u style=\"font-size: 13px;\"><strong><em><span style=\"font-size: 14px;\">Deutsches Reichsbund f\u00fcr Leibes\u00fcbungen DRL)<\/span><\/em><\/strong><\/u><\/font><\/p>\n<p><span style=\"font-size: 14px;\"><\/p>\n<p><\/span><\/p>\n<p style=\"text-align: justify;\"><font face=\"Courier New\"><span style=\"font-size: 14px;\">&nbsp;Reproduction of the German Sports Badge, Deutsches Reichsbund f\u00fcr Leibes\u00fcbungen DRL, in the bronze class in the model approved in July 27, 1934 and assigned to civilian or military personalities. Decoration on the back has the manufacturer stamps.<\/span><\/font><\/p>\n","protected":false},"excerpt":{"rendered":"<p>GERMAN SPORTS BADGE IN BRONZE (Deutsches Reichsbund f\u00fcr Leibes\u00fcbungen DRL) &nbsp;Reproduction of the German Sports Badge, Deutsches Reichsbund f\u00fcr Leibes\u00fcbungen DRL, in the bronze class in the model approved in<\/p>\n","protected":false},"featured_media":37519,"comment_status":"open","ping_status":"open","template":"","meta":[],"product_cat":[1188,1366],"product_tag":[1401],"class_list":["post-37518","product","type-product","status-publish","has-post-thumbnail","hentry","product_cat-german-army","product_cat-medals-and-badge","product_tag-1401","tm-no-options"],"yoast_head":"<!-- This site is optimized with the Yoast SEO plugin v19.8 - https:\/\/yoast.com\/wordpress\/plugins\/seo\/ -->\n<title>German Sports Badge -bronze-<\/title>\n<meta name=\"description\" content=\"Very good quality badge reproduction of German merits sports in bronze. Accurate in every detail, includ\" \/>\n<meta name=\"robots\" content=\"noindex, follow, max-snippet:-1, max-image-preview:large, max-video-preview:-1\" \/>\n<meta property=\"og:locale\" content=\"en_US\" \/>\n<meta property=\"og:type\" content=\"article\" \/>\n<meta property=\"og:title\" content=\"German Sports Badge -bronze-\" \/>\n<meta property=\"og:description\" content=\"Very good quality badge reproduction of German merits sports in bronze. Accurate in every detail, includ\" \/>\n<meta property=\"og:url\" content=\"https:\/\/new.parabellumshop.com\/en\/articolo\/german-sports-badge-bronze-2\/\" \/>\n<meta property=\"og:site_name\" content=\"Parabellum Shop - Vendita Uniformi e Accessori Militari\" \/>\n<meta property=\"article:publisher\" content=\"https:\/\/www.facebook.com\/parabellumshop\" \/>\n<meta property=\"article:modified_time\" content=\"2022-08-08T18:28:12+00:00\" \/>\n<meta property=\"og:image\" content=\"https:\/\/new.parabellumshop.com\/wp-content\/uploads\/2022\/10\/products-Distintivo-meriti-sportivi-850x650-1.jpg\" \/>\n\t<meta property=\"og:image:width\" content=\"850\" \/>\n\t<meta property=\"og:image:height\" content=\"605\" \/>\n\t<meta property=\"og:image:type\" content=\"image\/jpeg\" \/>\n<meta name=\"twitter:card\" content=\"summary_large_image\" \/>\n<script type=\"application\/ld+json\" class=\"yoast-schema-graph\">{\"@context\":\"https:\/\/schema.org\",\"@graph\":[{\"@type\":\"WebPage\",\"@id\":\"https:\/\/new.parabellumshop.com\/en\/articolo\/german-sports-badge-bronze-2\/\",\"url\":\"https:\/\/new.parabellumshop.com\/en\/articolo\/german-sports-badge-bronze-2\/\",\"name\":\"German Sports Badge -bronze-\",\"isPartOf\":{\"@id\":\"https:\/\/new.parabellumshop.com\/en\/#website\"},\"datePublished\":\"2019-10-03T09:55:23+00:00\",\"dateModified\":\"2022-08-08T18:28:12+00:00\",\"description\":\"Very good quality badge reproduction of German merits sports in bronze. Accurate in every detail, includ\",\"breadcrumb\":{\"@id\":\"https:\/\/new.parabellumshop.com\/en\/articolo\/german-sports-badge-bronze-2\/#breadcrumb\"},\"inLanguage\":\"en-US\",\"potentialAction\":[{\"@type\":\"ReadAction\",\"target\":[\"https:\/\/new.parabellumshop.com\/en\/articolo\/german-sports-badge-bronze-2\/\"]}]},{\"@type\":\"BreadcrumbList\",\"@id\":\"https:\/\/new.parabellumshop.com\/en\/articolo\/german-sports-badge-bronze-2\/#breadcrumb\",\"itemListElement\":[{\"@type\":\"ListItem\",\"position\":1,\"name\":\"Home\",\"item\":\"https:\/\/new.parabellumshop.com\/en\/\"},{\"@type\":\"ListItem\",\"position\":2,\"name\":\"Shop\",\"item\":\"https:\/\/new.parabellumshop.com\/en\/shop\/\"},{\"@type\":\"ListItem\",\"position\":3,\"name\":\"German Sports Badge -bronze-\"}]},{\"@type\":\"WebSite\",\"@id\":\"https:\/\/new.parabellumshop.com\/en\/#website\",\"url\":\"https:\/\/new.parabellumshop.com\/en\/\",\"name\":\"Parabellum Shop - Vendita Uniformi e Accessori Militari\",\"description\":\"\",\"publisher\":{\"@id\":\"https:\/\/new.parabellumshop.com\/en\/#organization\"},\"potentialAction\":[{\"@type\":\"SearchAction\",\"target\":{\"@type\":\"EntryPoint\",\"urlTemplate\":\"https:\/\/new.parabellumshop.com\/en\/?s={search_term_string}\"},\"query-input\":\"required name=search_term_string\"}],\"inLanguage\":\"en-US\"},{\"@type\":\"Organization\",\"@id\":\"https:\/\/new.parabellumshop.com\/en\/#organization\",\"name\":\"Parabellum Shop - Vendita Uniformi e Accessori Militari\",\"url\":\"https:\/\/new.parabellumshop.com\/en\/\",\"sameAs\":[\"https:\/\/www.instagram.com\/_parabellumshop\/\",\"https:\/\/www.facebook.com\/parabellumshop\"],\"logo\":{\"@type\":\"ImageObject\",\"inLanguage\":\"en-US\",\"@id\":\"https:\/\/new.parabellumshop.com\/en\/#\/schema\/logo\/image\/\",\"url\":\"https:\/\/new.parabellumshop.com\/wp-content\/uploads\/2022\/10\/parabellum-shop-logo.png\",\"contentUrl\":\"https:\/\/new.parabellumshop.com\/wp-content\/uploads\/2022\/10\/parabellum-shop-logo.png\",\"width\":770,\"height\":120,\"caption\":\"Parabellum Shop - Vendita Uniformi e Accessori Militari\"},\"image\":{\"@id\":\"https:\/\/new.parabellumshop.com\/en\/#\/schema\/logo\/image\/\"}}]}<\/script>\n<!-- \/ Yoast SEO plugin. -->","yoast_head_json":{"title":"German Sports Badge -bronze-","description":"Very good quality badge reproduction of German merits sports in bronze. Accurate in every detail, includ","robots":{"index":"noindex","follow":"follow","max-snippet":"max-snippet:-1","max-image-preview":"max-image-preview:large","max-video-preview":"max-video-preview:-1"},"og_locale":"en_US","og_type":"article","og_title":"German Sports Badge -bronze-","og_description":"Very good quality badge reproduction of German merits sports in bronze. Accurate in every detail, includ","og_url":"https:\/\/new.parabellumshop.com\/en\/articolo\/german-sports-badge-bronze-2\/","og_site_name":"Parabellum Shop - Vendita Uniformi e Accessori Militari","article_publisher":"https:\/\/www.facebook.com\/parabellumshop","article_modified_time":"2022-08-08T18:28:12+00:00","og_image":[{"width":850,"height":605,"url":"https:\/\/new.parabellumshop.com\/wp-content\/uploads\/2022\/10\/products-Distintivo-meriti-sportivi-850x650-1.jpg","type":"image\/jpeg"}],"twitter_card":"summary_large_image","schema":{"@context":"https:\/\/schema.org","@graph":[{"@type":"WebPage","@id":"https:\/\/new.parabellumshop.com\/en\/articolo\/german-sports-badge-bronze-2\/","url":"https:\/\/new.parabellumshop.com\/en\/articolo\/german-sports-badge-bronze-2\/","name":"German Sports Badge -bronze-","isPartOf":{"@id":"https:\/\/new.parabellumshop.com\/en\/#website"},"datePublished":"2019-10-03T09:55:23+00:00","dateModified":"2022-08-08T18:28:12+00:00","description":"Very good quality badge reproduction of German merits sports in bronze. Accurate in every detail, includ","breadcrumb":{"@id":"https:\/\/new.parabellumshop.com\/en\/articolo\/german-sports-badge-bronze-2\/#breadcrumb"},"inLanguage":"en-US","potentialAction":[{"@type":"ReadAction","target":["https:\/\/new.parabellumshop.com\/en\/articolo\/german-sports-badge-bronze-2\/"]}]},{"@type":"BreadcrumbList","@id":"https:\/\/new.parabellumshop.com\/en\/articolo\/german-sports-badge-bronze-2\/#breadcrumb","itemListElement":[{"@type":"ListItem","position":1,"name":"Home","item":"https:\/\/new.parabellumshop.com\/en\/"},{"@type":"ListItem","position":2,"name":"Shop","item":"https:\/\/new.parabellumshop.com\/en\/shop\/"},{"@type":"ListItem","position":3,"name":"German Sports Badge -bronze-"}]},{"@type":"WebSite","@id":"https:\/\/new.parabellumshop.com\/en\/#website","url":"https:\/\/new.parabellumshop.com\/en\/","name":"Parabellum Shop - Vendita Uniformi e Accessori Militari","description":"","publisher":{"@id":"https:\/\/new.parabellumshop.com\/en\/#organization"},"potentialAction":[{"@type":"SearchAction","target":{"@type":"EntryPoint","urlTemplate":"https:\/\/new.parabellumshop.com\/en\/?s={search_term_string}"},"query-input":"required name=search_term_string"}],"inLanguage":"en-US"},{"@type":"Organization","@id":"https:\/\/new.parabellumshop.com\/en\/#organization","name":"Parabellum Shop - Vendita Uniformi e Accessori Militari","url":"https:\/\/new.parabellumshop.com\/en\/","sameAs":["https:\/\/www.instagram.com\/_parabellumshop\/","https:\/\/www.facebook.com\/parabellumshop"],"logo":{"@type":"ImageObject","inLanguage":"en-US","@id":"https:\/\/new.parabellumshop.com\/en\/#\/schema\/logo\/image\/","url":"https:\/\/new.parabellumshop.com\/wp-content\/uploads\/2022\/10\/parabellum-shop-logo.png","contentUrl":"https:\/\/new.parabellumshop.com\/wp-content\/uploads\/2022\/10\/parabellum-shop-logo.png","width":770,"height":120,"caption":"Parabellum Shop - Vendita Uniformi e Accessori Militari"},"image":{"@id":"https:\/\/new.parabellumshop.com\/en\/#\/schema\/logo\/image\/"}}]}},"_links":{"self":[{"href":"https:\/\/new.parabellumshop.com\/en\/wp-json\/wp\/v2\/product\/37518","targetHints":{"allow":["GET"]}}],"collection":[{"href":"https:\/\/new.parabellumshop.com\/en\/wp-json\/wp\/v2\/product"}],"about":[{"href":"https:\/\/new.parabellumshop.com\/en\/wp-json\/wp\/v2\/types\/product"}],"replies":[{"embeddable":true,"href":"https:\/\/new.parabellumshop.com\/en\/wp-json\/wp\/v2\/comments?post=37518"}],"wp:featuredmedia":[{"embeddable":true,"href":"https:\/\/new.parabellumshop.com\/en\/wp-json\/wp\/v2\/media\/37519"}],"wp:attachment":[{"href":"https:\/\/new.parabellumshop.com\/en\/wp-json\/wp\/v2\/media?parent=37518"}],"wp:term":[{"taxonomy":"product_cat","embeddable":true,"href":"https:\/\/new.parabellumshop.com\/en\/wp-json\/wp\/v2\/product_cat?post=37518"},{"taxonomy":"product_tag","embeddable":true,"href":"https:\/\/new.parabellumshop.com\/en\/wp-json\/wp\/v2\/product_tag?post=37518"}],"curies":[{"name":"wp","href":"https:\/\/api.w.org\/{rel}","templated":true}]}}